{"id":37,"date":"2022-11-21T14:29:01","date_gmt":"2022-11-21T14:29:01","guid":{"rendered":"https:\/\/pagos.saulo.edu.sv\/?post_type=product&#038;p=37"},"modified":"2026-04-16T17:18:04","modified_gmt":"2026-04-16T17:18:04","slug":"parvularia","status":"publish","type":"product","link":"https:\/\/pagos.saulo.edu.sv\/index.php\/producto\/parvularia\/","title":{"rendered":"Parvularia"},"content":{"rendered":"<p>[et_pb_section fb_built=&#8221;1&#8243; _builder_version=&#8221;3.22&#8243; custom_padding=&#8221;0px||||false|false&#8221; global_colors_info=&#8221;{}&#8221;][et_pb_row _builder_version=&#8221;3.25&#8243; background_size=&#8221;initial&#8221; background_position=&#8221;top_left&#8221; background_repeat=&#8221;repeat&#8221; width=&#8221;100%&#8221; custom_padding=&#8221;0px||0px||false|false&#8221; global_colors_info=&#8221;{}&#8221;][et_pb_column type=&#8221;4_4&#8243; _builder_version=&#8221;3.25&#8243; custom_padding=&#8221;|||&#8221; global_colors_info=&#8221;{}&#8221; custom_padding__hover=&#8221;|||&#8221;][et_pb_wc_cart_notice _builder_version=&#8221;4.14.2&#8243; background_color=&#8221;#0C71C3&#8243; custom_button=&#8221;on&#8221; button_text_color=&#8221;#FFFFFF&#8221; button_bg_color=&#8221;#7CDA24&#8243; title_font_size_tablet=&#8221;&#8221; title_font_size_phone=&#8221;10px&#8221; title_font_size_last_edited=&#8221;on|phone&#8221; content_font_size_tablet=&#8221;&#8221; content_font_size_phone=&#8221;&#8221; content_font_size_last_edited=&#8221;on|phone&#8221; global_colors_info=&#8221;{}&#8221;][\/et_pb_wc_cart_notice][\/et_pb_column][\/et_pb_row][et_pb_row column_structure=&#8221;1_2,1_2&#8243; _builder_version=&#8221;3.25&#8243; background_size=&#8221;initial&#8221; background_position=&#8221;top_left&#8221; background_repeat=&#8221;repeat&#8221; width=&#8221;100%&#8221; custom_padding=&#8221;0px||||false|false&#8221; global_colors_info=&#8221;{}&#8221;][et_pb_column type=&#8221;1_2&#8243; _builder_version=&#8221;3.25&#8243; custom_padding=&#8221;|||&#8221; global_colors_info=&#8221;{}&#8221; custom_padding__hover=&#8221;|||&#8221;][et_pb_wc_images _builder_version=&#8221;3.0.47&#8243; global_colors_info=&#8221;{}&#8221;][\/et_pb_wc_images][\/et_pb_column][et_pb_column type=&#8221;1_2&#8243; _builder_version=&#8221;3.25&#8243; custom_padding=&#8221;|||&#8221; global_colors_info=&#8221;{}&#8221; custom_padding__hover=&#8221;|||&#8221;][et_pb_wc_title _builder_version=&#8221;3.0.47&#8243; global_colors_info=&#8221;{}&#8221;][\/et_pb_wc_title][et_pb_text _builder_version=&#8221;4.14.2&#8243; _module_preset=&#8221;default&#8221; global_colors_info=&#8221;{}&#8221;]<\/p>\n<p>Seleccione el mes que desea cancelar.<\/p>\n<p>Dar clic en la opci\u00f3n \u201cpagar mensualidad\u201d. Luego aparecer\u00e1 una barra en la parte superior donde deber\u00e1 dar clic en la opci\u00f3n \u201cVer carrito\u201d para continuar con el pago.<\/p>\n<p>[\/et_pb_text][et_pb_wc_description _builder_version=&#8221;3.0.47&#8243; global_colors_info=&#8221;{}&#8221;][\/et_pb_wc_description][et_pb_wc_add_to_cart show_quantity=&#8221;off&#8221; show_stock=&#8221;off&#8221; _builder_version=&#8221;4.14.2&#8243; dropdown_menus_custom_margin=&#8221;15px||||false|false&#8221; custom_button=&#8221;on&#8221; button_text_color=&#8221;#FFFFFF&#8221; button_bg_color=&#8221;#7CDA24&#8243; global_colors_info=&#8221;{}&#8221;][\/et_pb_wc_add_to_cart][\/et_pb_column][\/et_pb_row][et_pb_row _builder_version=&#8221;3.25&#8243; background_size=&#8221;initial&#8221; background_position=&#8221;top_left&#8221; background_repeat=&#8221;repeat&#8221; width=&#8221;100%&#8221; global_colors_info=&#8221;{}&#8221;][et_pb_column type=&#8221;4_4&#8243; _builder_version=&#8221;3.25&#8243; custom_padding=&#8221;|||&#8221; global_colors_info=&#8221;{}&#8221; custom_padding__hover=&#8221;|||&#8221;][et_pb_wc_tabs include_tabs=&#8221;description|&#8221; _builder_version=&#8221;4.14.2&#8243; global_colors_info=&#8221;{}&#8221;]\t\t\t\t\t[\/et_pb_wc_tabs][et_pb_wc_upsells _builder_version=&#8221;3.0.47&#8243; global_colors_info=&#8221;{}&#8221;][\/et_pb_wc_upsells][\/et_pb_column][\/et_pb_row][\/et_pb_section]<\/p>\n","protected":false},"excerpt":{"rendered":"<p>Seleccione el mes que desea cancelar. Dar clic en la opci\u00f3n \u201cpagar mensualidad\u201d. Luego aparecer\u00e1 una barra en la parte superior donde deber\u00e1 dar clic en la opci\u00f3n \u201cVer carrito\u201d para continuar con el pago.<\/p>\n","protected":false},"featured_media":232,"template":"","meta":{"_et_pb_use_builder":"on","_et_pb_old_content":"El pago de tus mensualidades ahora es m\u00e1s f\u00e1cil, hemos incluido un m\u00e9todo de pago para que puedas pagar tu mensualidad con y sin recargo.","_et_gb_content_width":""},"product_cat":[17],"product_tag":[],"_links":{"self":[{"href":"https:\/\/pagos.saulo.edu.sv\/index.php\/wp-json\/wp\/v2\/product\/37"}],"collection":[{"href":"https:\/\/pagos.saulo.edu.sv\/index.php\/wp-json\/wp\/v2\/product"}],"about":[{"href":"https:\/\/pagos.saulo.edu.sv\/index.php\/wp-json\/wp\/v2\/types\/product"}],"wp:featuredmedia":[{"embeddable":true,"href":"https:\/\/pagos.saulo.edu.sv\/index.php\/wp-json\/wp\/v2\/media\/232"}],"wp:attachment":[{"href":"https:\/\/pagos.saulo.edu.sv\/index.php\/wp-json\/wp\/v2\/media?parent=37"}],"wp:term":[{"taxonomy":"product_cat","embeddable":true,"href":"https:\/\/pagos.saulo.edu.sv\/index.php\/wp-json\/wp\/v2\/product_cat?post=37"},{"taxonomy":"product_tag","embeddable":true,"href":"https:\/\/pagos.saulo.edu.sv\/index.php\/wp-json\/wp\/v2\/product_tag?post=37"}],"curies":[{"name":"wp","href":"https:\/\/api.w.org\/{rel}","templated":true}]}}